{"id":45,"date":"2026-01-11T16:03:08","date_gmt":"2026-01-11T15:03:08","guid":{"rendered":"https:\/\/archiv.bodo-schroeder.de\/?page_id=45"},"modified":"2026-03-09T09:25:27","modified_gmt":"2026-03-09T08:25:27","slug":"impressum","status":"publish","type":"page","link":"https:\/\/archiv.bodo-schroeder.de\/index.php\/impressum\/","title":{"rendered":"Impressum"},"content":{"rendered":"\n<h1 class=\"wp-block-heading has-text-color has-link-color wp-elements-359202fba9c919791f42f0ab917da574\" style=\"color:#9f9f9f\">Impressum<\/h1>\n\n\n\n<div class=\"wp-block-media-text has-media-on-the-right is-stacked-on-mobile\" style=\"grid-template-columns:auto 51%\"><div class=\"wp-block-media-text__content\">\n<p><\/p>\n\n\n\n<p>Bodo Schr\u00f6der<\/p>\n\n\n\n<p>Herbrazhofer Stra\u00dfe 5<\/p>\n\n\n\n<p>88299 Leutkirch im Allg\u00e4u<\/p>\n\n\n\n<p><a href=\"mailto:look@bodo-schroeder.de\">look@bodo-schroeder.de<\/a><\/p>\n<\/div><figure class=\"wp-block-media-text__media\"><img decoding=\"async\" src=\"https:\/\/archiv.bodo-schroeder.de\/wp-content\/uploads\/2026\/01\/Schroeder_Bodo.tif\" alt=\"\" class=\"wp-image-63 size-full\"\/><\/figure><\/div>\n\n\n\n<h2 class=\"wp-block-heading has-cyan-bluish-gray-color has-text-color has-link-color wp-elements-2ff670d752ad44dce1cc60c8db8b1d84\">Copyright<\/h2>\n\n\n\n<p class=\"has-small-font-size\">Die Bildrechte liegen bei Bodo Schr\u00f6der und d\u00fcrfen ohne Genehmigung nicht verwendet werden.<\/p>\n\n\n\n<p><\/p>\n","protected":false},"excerpt":{"rendered":"<p>Impressum Bodo Schr\u00f6der Herbrazhofer Stra\u00dfe 5 88299 Leutkirch im Allg\u00e4u look@bodo-schroeder.de Copyright Die Bildrechte liegen bei Bodo Schr\u00f6der und d\u00fcrfen ohne Genehmigung nicht verwendet werden.<\/p>\n","protected":false},"author":1,"featured_media":0,"parent":0,"menu_order":0,"comment_status":"closed","ping_status":"closed","template":"","meta":{"footnotes":""},"class_list":["post-45","page","type-page","status-publish","hentry"],"_links":{"self":[{"href":"https:\/\/archiv.bodo-schroeder.de\/index.php\/wp-json\/wp\/v2\/pages\/45","targetHints":{"allow":["GET"]}}],"collection":[{"href":"https:\/\/archiv.bodo-schroeder.de\/index.php\/wp-json\/wp\/v2\/pages"}],"about":[{"href":"https:\/\/archiv.bodo-schroeder.de\/index.php\/wp-json\/wp\/v2\/types\/page"}],"author":[{"embeddable":true,"href":"https:\/\/archiv.bodo-schroeder.de\/index.php\/wp-json\/wp\/v2\/users\/1"}],"replies":[{"embeddable":true,"href":"https:\/\/archiv.bodo-schroeder.de\/index.php\/wp-json\/wp\/v2\/comments?post=45"}],"version-history":[{"count":6,"href":"https:\/\/archiv.bodo-schroeder.de\/index.php\/wp-json\/wp\/v2\/pages\/45\/revisions"}],"predecessor-version":[{"id":359,"href":"https:\/\/archiv.bodo-schroeder.de\/index.php\/wp-json\/wp\/v2\/pages\/45\/revisions\/359"}],"wp:attachment":[{"href":"https:\/\/archiv.bodo-schroeder.de\/index.php\/wp-json\/wp\/v2\/media?parent=45"}],"curies":[{"name":"wp","href":"https:\/\/api.w.org\/{rel}","templated":true}]}}